{"id":75,"date":"2017-11-26T22:55:11","date_gmt":"2017-11-26T22:55:11","guid":{"rendered":"http:\/\/www.fernandezluque.com\/?page_id=75"},"modified":"2018-05-03T08:38:02","modified_gmt":"2018-05-03T08:38:02","slug":"nueva-pagina","status":"publish","type":"page","link":"https:\/\/www.fernandezluque.com\/?page_id=75","title":{"rendered":"\u00bfQui\u00e9n soy?"},"content":{"rendered":"<p>Hola, me llamo Jos\u00e9 Carlos Fern\u00e1ndez Luque.<\/p>\n<p>Actualmente trabajo en Allianz Seguros, en la categor\u00eda de Especialista Inform\u00e1tico y de Procesos, desde hace 5 a\u00f1os como interno, y tres m\u00e1s desde Consultar\u00edas externas.<\/p>\n<p>Iniciada la carrera de\u00a0Ingenier\u00eda T\u00e9cnica de Inform\u00e1tica de Sistemas en la UOC, sobre el 2003, decid\u00ed dedicarme a ello compaginando dos trabajos, a la vez que terminaba la carrera. En un corto plazo de tiempo, ya trabajaba \u00fanicamente de inform\u00e1tica. Antes de mi ocupaci\u00f3n actual, he trabajado tambi\u00e9n desde consultor\u00edas para el Grupo Sabadell Atl\u00e1ntico,\u00a0TSICO S.A. y Gas Natural Fenosa. Unos 10 a\u00f1os de andaduras en empresas, donde mi inter\u00e9s principal siempre ha sido el aprendizaje,\u00a0<span class=\"lt-line-clamp__line\">Arquitectura, An\u00e1lisis, Implementaciones, conocer el funcionamiento de las\u00a0<\/span><span class=\"lt-line-clamp__line lt-line-clamp__line--last\">aplicaciones profesionales, etc&#8230;<\/span><\/p>\n<p>Mis inquietudes varias siempre han motivado realizar trabajos particulares, que pod\u00e9is ver en estas p\u00e1ginas. Estos han sido realizados tanto para la ampliaci\u00f3n de conocimientos y experiencia que precisaba en cada trabajo, como desaf\u00edos sobre las \u00faltimas tecnolog\u00edas que iban surgiendo a lo largo de los a\u00f1os, y que me produc\u00edan gran inter\u00e9s.<\/p>\n<p>Personalmente considero muy gratificante la creaci\u00f3n de un producto, que va a ser utilizado por miles de usuarios, e interactuar con ellos para su mejora constante. As\u00ed ha sido tanto en los trabajos profesionales realizados, como en los particulares especialmente en las aplicaciones Android creadas.<\/p>\n<p>As\u00ed pues, considero que la experiencia ha sido muy gratificante, y as\u00ed continuar\u00e1 siendolo en los a\u00f1os venideros, ya que el sector inform\u00e1tico evoluciona constantemente, produciendo d\u00eda a d\u00eda inquietudes en mi persona.<\/p>\n<p>Me puedes encontrar y saber m\u00e1s de mi en los enlaces de redes sociales de los pies de p\u00e1gina.<\/p>\n<p>Saludos.<\/p>\n<p>&nbsp;<\/p>\n<p>&nbsp;<\/p>\n","protected":false},"excerpt":{"rendered":"<p>Hola, me llamo Jos\u00e9 Carlos Fern\u00e1ndez Luque. Actualmente trabajo en Allianz Seguros, en la categor\u00eda de Especialista Inform\u00e1tico y de Procesos, desde hace 5 a\u00f1os como interno, y tres m\u00e1s desde Consultar\u00edas externas. Iniciada la carrera de\u00a0Ingenier\u00eda T\u00e9cnica de Inform\u00e1tica de Sistemas en la UOC, sobre el 2003, decid\u00ed dedicarme a ello compaginando dos trabajos, [&hellip;]<\/p>\n","protected":false},"author":1,"featured_media":0,"parent":0,"menu_order":0,"comment_status":"closed","ping_status":"closed","template":"","meta":{"spay_email":""},"jetpack_sharing_enabled":true,"jetpack_shortlink":"https:\/\/wp.me\/P9TapY-1d","_links":{"self":[{"href":"https:\/\/www.fernandezluque.com\/index.php?rest_route=\/wp\/v2\/pages\/75"}],"collection":[{"href":"https:\/\/www.fernandezluque.com\/index.php?rest_route=\/wp\/v2\/pages"}],"about":[{"href":"https:\/\/www.fernandezluque.com\/index.php?rest_route=\/wp\/v2\/types\/page"}],"author":[{"embeddable":true,"href":"https:\/\/www.fernandezluque.com\/index.php?rest_route=\/wp\/v2\/users\/1"}],"replies":[{"embeddable":true,"href":"https:\/\/www.fernandezluque.com\/index.php?rest_route=%2Fwp%2Fv2%2Fcomments&post=75"}],"version-history":[{"count":8,"href":"https:\/\/www.fernandezluque.com\/index.php?rest_route=\/wp\/v2\/pages\/75\/revisions"}],"predecessor-version":[{"id":132,"href":"https:\/\/www.fernandezluque.com\/index.php?rest_route=\/wp\/v2\/pages\/75\/revisions\/132"}],"wp:attachment":[{"href":"https:\/\/www.fernandezluque.com\/index.php?rest_route=%2Fwp%2Fv2%2Fmedia&parent=75"}],"curies":[{"name":"wp","href":"https:\/\/api.w.org\/{rel}","templated":true}]}}